{"id":9287,"date":"2025-05-28T21:27:43","date_gmt":"2025-05-28T21:27:43","guid":{"rendered":"https:\/\/velezburrlaw.com\/?page_id=9287"},"modified":"2025-05-28T21:59:00","modified_gmt":"2025-05-28T21:59:00","slug":"madrid-condominium-espanol","status":"publish","type":"page","link":"https:\/\/velezburrlaw.com\/index.php\/madrid-condominium-espanol\/","title":{"rendered":"Madrid Condominium &#8211; Espa\u00f1ol"},"content":{"rendered":"\t\t<div data-elementor-type=\"wp-page\" data-elementor-id=\"9287\" class=\"elementor elementor-9287\">\n\t\t\t\t\t\t\t\t\t<section class=\"elementor-section elementor-top-section elementor-element elementor-element-342d8b6 elementor-section-full_width elementor-section-height-min-height elementor-section-content-middle wd-section-stretch elementor-section-height-default elementor-section-items-middle\" data-id=\"342d8b6\" data-element_type=\"section\" data-settings=\"{&quot;background_background&quot;:&quot;slideshow&quot;,&quot;background_slideshow_gallery&quot;:[{&quot;id&quot;:9229,&quot;url&quot;:&quot;https:\\\/\\\/velezburrlaw.com\\\/wp-content\\\/uploads\\\/2025\\\/04\\\/Cond-Madrid.png&quot;}],&quot;background_slideshow_transition_duration&quot;:1200,&quot;background_slideshow_slide_duration&quot;:5000,&quot;background_slideshow_slide_transition&quot;:&quot;fade&quot;}\">\n\t\t\t\t\t\t\t<div class=\"elementor-background-overlay\"><\/div>\n\t\t\t\t\t\t\t<div class=\"elementor-container elementor-column-gap-default\">\n\t\t\t\t\t<div class=\"elementor-column elementor-col-100 elementor-top-column elementor-element elementor-element-bb533af\" data-id=\"bb533af\" data-element_type=\"column\">\n\t\t\t<div class=\"elementor-widget-wrap elementor-element-populated\">\n\t\t\t\t\t\t\t\t<div class=\"elementor-element elementor-element-66c4e8f elementor-hidden-tablet elementor-hidden-mobile elementor-widget elementor-widget-wd_title\" data-id=\"66c4e8f\" data-element_type=\"widget\" data-widget_type=\"wd_title.default\">\n\t\t\t\t<div class=\"elementor-widget-container\">\n\t\t\t\t\t\t<link rel=\"stylesheet\" id=\"wd-section-title-css\" href=\"https:\/\/velezburrlaw.com\/wp-content\/themes\/woodmart\/css\/parts\/el-section-title.min.css?ver=6.5.4\" type=\"text\/css\" media=\"all\" \/> \t\t\t\t\t<div class=\"title-wrapper set-mb-s reset-last-child wd-title-color-default wd-title-style-default wd-title-size-default text-center\">\n\n\t\t\t\n\t\t\t<div class=\"liner-continer\">\n\t\t\t\t<h4 class=\"woodmart-title-container title wd-fontsize-l\">MADRID CONDOMINIUM<\/h4> \n\t\t\t\t\t\t\t<\/div>\n\n\t\t\t\t\t<\/div>\n\t\t\t\t<\/div>\n\t\t\t\t<\/div>\n\t\t\t\t<div class=\"elementor-element elementor-element-77a950d elementor-hidden-desktop elementor-widget elementor-widget-wd_title\" data-id=\"77a950d\" data-element_type=\"widget\" data-widget_type=\"wd_title.default\">\n\t\t\t\t<div class=\"elementor-widget-container\">\n\t\t\t\t\t<div class=\"title-wrapper set-mb-s reset-last-child wd-title-color-default wd-title-style-default wd-title-size-default text-center\">\n\n\t\t\t\n\t\t\t<div class=\"liner-continer\">\n\t\t\t\t<h4 class=\"woodmart-title-container title wd-fontsize-l\">MADRID CONDOMINIUM<\/h4> \n\t\t\t\t\t\t\t<\/div>\n\n\t\t\t\t\t<\/div>\n\t\t\t\t<\/div>\n\t\t\t\t<\/div>\n\t\t\t\t\t<\/div>\n\t\t<\/div>\n\t\t\t\t\t\t\t<\/div>\n\t\t<\/section>\n\t\t\t\t<section class=\"elementor-section elementor-top-section elementor-element elementor-element-1b9dbfc elementor-section-boxed elementor-section-height-default elementor-section-height-default wd-section-disabled\" data-id=\"1b9dbfc\" data-element_type=\"section\">\n\t\t\t\t\t\t<div class=\"elementor-container elementor-column-gap-wide\">\n\t\t\t\t\t<div class=\"elementor-column elementor-col-66 elementor-top-column elementor-element elementor-element-a6d8e51\" data-id=\"a6d8e51\" data-element_type=\"column\">\n\t\t\t<div class=\"elementor-widget-wrap elementor-element-populated\">\n\t\t\t\t\t\t\t\t<div class=\"elementor-element elementor-element-576cf44 elementor-widget elementor-widget-wd_title\" data-id=\"576cf44\" data-element_type=\"widget\" data-widget_type=\"wd_title.default\">\n\t\t\t\t<div class=\"elementor-widget-container\">\n\t\t\t\t\t<div class=\"title-wrapper set-mb-s reset-last-child wd-title-color-default wd-title-style-default wd-title-size-default text-left\">\n\n\t\t\t\n\t\t\t<div class=\"liner-continer\">\n\t\t\t\t<h2 class=\"woodmart-title-container title wd-fontsize-l\">Donde la ciudad se encuentra con el Mar<\/h2> \n\t\t\t\t\t\t\t<\/div>\n\n\t\t\t\t\t\t\t<div class=\"title-after_title set-cont-mb-s reset-last-child wd-fontsize-xs\">\n\t\t\t\t\t<p><b>\u00a1Tu Oasis Urbano en San Juan te Espera!<\/b><\/p>\t\t\t\t<\/div>\n\t\t\t\t\t<\/div>\n\t\t\t\t<\/div>\n\t\t\t\t<\/div>\n\t\t\t\t<div class=\"elementor-element elementor-element-34affd0 elementor-widget elementor-widget-image\" data-id=\"34affd0\" data-element_type=\"widget\" data-widget_type=\"image.default\">\n\t\t\t\t<div class=\"elementor-widget-container\">\n\t\t\t<style>\/*! elementor - v3.6.6 - 08-06-2022 *\/\n.elementor-widget-image{text-align:center}.elementor-widget-image a{display:inline-block}.elementor-widget-image a img[src$=\".svg\"]{width:48px}.elementor-widget-image img{vertical-align:middle;display:inline-block}<\/style>\t\t\t\t\t\t\t\t\t\t\t\t<img loading=\"lazy\" decoding=\"async\" width=\"1067\" height=\"800\" src=\"https:\/\/velezburrlaw.com\/wp-content\/uploads\/2025\/04\/Cond-Madrid-1067x800.jpeg\" class=\"attachment-large size-large\" alt=\"\" srcset=\"https:\/\/velezburrlaw.com\/wp-content\/uploads\/2025\/04\/Cond-Madrid-1067x800.jpeg 1067w, https:\/\/velezburrlaw.com\/wp-content\/uploads\/2025\/04\/Cond-Madrid-400x300.jpeg 400w, https:\/\/velezburrlaw.com\/wp-content\/uploads\/2025\/04\/Cond-Madrid-768x576.jpeg 768w, https:\/\/velezburrlaw.com\/wp-content\/uploads\/2025\/04\/Cond-Madrid.jpeg 1500w\" sizes=\"auto, (max-width: 1067px) 100vw, 1067px\" \/>\t\t\t\t\t\t\t\t\t\t\t\t\t\t\t<\/div>\n\t\t\t\t<\/div>\n\t\t\t\t<div class=\"elementor-element elementor-element-9ebe986 elementor-widget elementor-widget-image-gallery\" data-id=\"9ebe986\" data-element_type=\"widget\" data-widget_type=\"image-gallery.default\">\n\t\t\t\t<div class=\"elementor-widget-container\">\n\t\t\t<style>\/*! elementor - v3.6.6 - 08-06-2022 *\/\n.elementor-image-gallery .gallery-item{display:inline-block;text-align:center;vertical-align:top;width:100%;max-width:100%;margin:0 auto}.elementor-image-gallery .gallery-item img{margin:0 auto}.elementor-image-gallery .gallery-item .gallery-caption{margin:0}.elementor-image-gallery figure img{display:block}.elementor-image-gallery figure figcaption{width:100%}.gallery-spacing-custom .elementor-image-gallery .gallery-icon{padding:0}@media (min-width:768px){.elementor-image-gallery .gallery-columns-2 .gallery-item{max-width:50%}.elementor-image-gallery .gallery-columns-3 .gallery-item{max-width:33.33%}.elementor-image-gallery .gallery-columns-4 .gallery-item{max-width:25%}.elementor-image-gallery .gallery-columns-5 .gallery-item{max-width:20%}.elementor-image-gallery .gallery-columns-6 .gallery-item{max-width:16.666%}.elementor-image-gallery .gallery-columns-7 .gallery-item{max-width:14.28%}.elementor-image-gallery .gallery-columns-8 .gallery-item{max-width:12.5%}.elementor-image-gallery .gallery-columns-9 .gallery-item{max-width:11.11%}.elementor-image-gallery .gallery-columns-10 .gallery-item{max-width:10%}}@media (min-width:480px) and (max-width:767px){.elementor-image-gallery .gallery.gallery-columns-2 .gallery-item,.elementor-image-gallery .gallery.gallery-columns-3 .gallery-item,.elementor-image-gallery .gallery.gallery-columns-4 .gallery-item,.elementor-image-gallery .gallery.gallery-columns-5 .gallery-item,.elementor-image-gallery .gallery.gallery-columns-6 .gallery-item,.elementor-image-gallery .gallery.gallery-columns-7 .gallery-item,.elementor-image-gallery .gallery.gallery-columns-8 .gallery-item,.elementor-image-gallery .gallery.gallery-columns-9 .gallery-item,.elementor-image-gallery .gallery.gallery-columns-10 .gallery-item{max-width:50%}}@media (max-width:479px){.elementor-image-gallery .gallery.gallery-columns-2 .gallery-item,.elementor-image-gallery .gallery.gallery-columns-3 .gallery-item,.elementor-image-gallery .gallery.gallery-columns-4 .gallery-item,.elementor-image-gallery .gallery.gallery-columns-5 .gallery-item,.elementor-image-gallery .gallery.gallery-columns-6 .gallery-item,.elementor-image-gallery .gallery.gallery-columns-7 .gallery-item,.elementor-image-gallery .gallery.gallery-columns-8 .gallery-item,.elementor-image-gallery .gallery.gallery-columns-9 .gallery-item,.elementor-image-gallery .gallery.gallery-columns-10 .gallery-item{max-width:100%}}<\/style>\t\t<div class=\"elementor-image-gallery\">\n\t\t\t\t\t\t<link rel=\"stylesheet\" id=\"wd-mfp-popup-css\" href=\"https:\/\/velezburrlaw.com\/wp-content\/themes\/woodmart\/css\/parts\/lib-magnific-popup.min.css?ver=6.5.4\" type=\"text\/css\" media=\"all\" \/> \t\t\t\n\t\t<style type=\"text\/css\">\n\t\t\t#gallery-1 {\n\t\t\t\tmargin: auto;\n\t\t\t}\n\t\t\t#gallery-1 .gallery-item {\n\t\t\t\tfloat: left;\n\t\t\t\tmargin-top: 10px;\n\t\t\t\ttext-align: center;\n\t\t\t\twidth: 25%;\n\t\t\t}\n\t\t\t#gallery-1 img {\n\t\t\t\tborder: 2px solid #cfcfcf;\n\t\t\t}\n\t\t\t#gallery-1 .gallery-caption {\n\t\t\t\tmargin-left: 0;\n\t\t\t}\n\t\t\t\/* see gallery_shortcode() in wp-includes\/media.php *\/\n\t\t<\/style>\n\t\t<div id='gallery-1' class='gallery galleryid-9287 gallery-columns-4 gallery-size-thumbnail'><dl class='gallery-item'>\n\t\t\t<dt class='gallery-icon landscape'>\n\t\t\t\t<a data-elementor-open-lightbox=\"yes\" data-elementor-lightbox-slideshow=\"9ebe986\" data-elementor-lightbox-title=\"502 Cond Madrid_IMG_5523_R1\" e-action-hash=\"#elementor-action%3Aaction%3Dlightbox%26settings%3DeyJpZCI6OTIyMCwidXJsIjoiaHR0cHM6XC9cL3ZlbGV6YnVycmxhdy5jb21cL3dwLWNvbnRlbnRcL3VwbG9hZHNcLzIwMjVcLzA0XC81MDItQ29uZC1NYWRyaWRfSU1HXzU1MjNfUjEucG5nIiwic2xpZGVzaG93IjoiOWViZTk4NiJ9\" href='https:\/\/velezburrlaw.com\/wp-content\/uploads\/2025\/04\/502-Cond-Madrid_IMG_5523_R1.png'><img loading=\"lazy\" decoding=\"async\" width=\"150\" height=\"150\" src=\"https:\/\/velezburrlaw.com\/wp-content\/uploads\/2025\/04\/502-Cond-Madrid_IMG_5523_R1-150x150.png\" class=\"attachment-thumbnail size-thumbnail\" alt=\"\" \/><\/a>\n\t\t\t<\/dt><\/dl><dl class='gallery-item'>\n\t\t\t<dt class='gallery-icon portrait'>\n\t\t\t\t<a data-elementor-open-lightbox=\"yes\" data-elementor-lightbox-slideshow=\"9ebe986\" data-elementor-lightbox-title=\"502 Cond Madrid_IMG_5525_R1\" e-action-hash=\"#elementor-action%3Aaction%3Dlightbox%26settings%3DeyJpZCI6OTIxOSwidXJsIjoiaHR0cHM6XC9cL3ZlbGV6YnVycmxhdy5jb21cL3dwLWNvbnRlbnRcL3VwbG9hZHNcLzIwMjVcLzA0XC81MDItQ29uZC1NYWRyaWRfSU1HXzU1MjVfUjEucG5nIiwic2xpZGVzaG93IjoiOWViZTk4NiJ9\" href='https:\/\/velezburrlaw.com\/wp-content\/uploads\/2025\/04\/502-Cond-Madrid_IMG_5525_R1.png'><img loading=\"lazy\" decoding=\"async\" width=\"150\" height=\"150\" src=\"https:\/\/velezburrlaw.com\/wp-content\/uploads\/2025\/04\/502-Cond-Madrid_IMG_5525_R1-150x150.png\" class=\"attachment-thumbnail size-thumbnail\" alt=\"\" \/><\/a>\n\t\t\t<\/dt><\/dl><dl class='gallery-item'>\n\t\t\t<dt class='gallery-icon portrait'>\n\t\t\t\t<a data-elementor-open-lightbox=\"yes\" data-elementor-lightbox-slideshow=\"9ebe986\" data-elementor-lightbox-title=\"502 Cond Madrid_IMG_5528_R1\" e-action-hash=\"#elementor-action%3Aaction%3Dlightbox%26settings%3DeyJpZCI6OTIxOCwidXJsIjoiaHR0cHM6XC9cL3ZlbGV6YnVycmxhdy5jb21cL3dwLWNvbnRlbnRcL3VwbG9hZHNcLzIwMjVcLzA0XC81MDItQ29uZC1NYWRyaWRfSU1HXzU1MjhfUjEucG5nIiwic2xpZGVzaG93IjoiOWViZTk4NiJ9\" href='https:\/\/velezburrlaw.com\/wp-content\/uploads\/2025\/04\/502-Cond-Madrid_IMG_5528_R1.png'><img loading=\"lazy\" decoding=\"async\" width=\"150\" height=\"150\" src=\"https:\/\/velezburrlaw.com\/wp-content\/uploads\/2025\/04\/502-Cond-Madrid_IMG_5528_R1-150x150.png\" class=\"attachment-thumbnail size-thumbnail\" alt=\"\" \/><\/a>\n\t\t\t<\/dt><\/dl><dl class='gallery-item'>\n\t\t\t<dt class='gallery-icon landscape'>\n\t\t\t\t<a data-elementor-open-lightbox=\"yes\" data-elementor-lightbox-slideshow=\"9ebe986\" data-elementor-lightbox-title=\"502 Cond Madrid_IMG_5531_r1\" e-action-hash=\"#elementor-action%3Aaction%3Dlightbox%26settings%3DeyJpZCI6OTIxNywidXJsIjoiaHR0cHM6XC9cL3ZlbGV6YnVycmxhdy5jb21cL3dwLWNvbnRlbnRcL3VwbG9hZHNcLzIwMjVcLzA0XC81MDItQ29uZC1NYWRyaWRfSU1HXzU1MzFfcjEucG5nIiwic2xpZGVzaG93IjoiOWViZTk4NiJ9\" href='https:\/\/velezburrlaw.com\/wp-content\/uploads\/2025\/04\/502-Cond-Madrid_IMG_5531_r1.png'><img loading=\"lazy\" decoding=\"async\" width=\"150\" height=\"150\" src=\"https:\/\/velezburrlaw.com\/wp-content\/uploads\/2025\/04\/502-Cond-Madrid_IMG_5531_r1-150x150.png\" class=\"attachment-thumbnail size-thumbnail\" alt=\"\" \/><\/a>\n\t\t\t<\/dt><\/dl><br style=\"clear: both\" \/><dl class='gallery-item'>\n\t\t\t<dt class='gallery-icon portrait'>\n\t\t\t\t<a data-elementor-open-lightbox=\"yes\" data-elementor-lightbox-slideshow=\"9ebe986\" data-elementor-lightbox-title=\"502 Cond Madrid_IMG_5534_R1\" e-action-hash=\"#elementor-action%3Aaction%3Dlightbox%26settings%3DeyJpZCI6OTIxNiwidXJsIjoiaHR0cHM6XC9cL3ZlbGV6YnVycmxhdy5jb21cL3dwLWNvbnRlbnRcL3VwbG9hZHNcLzIwMjVcLzA0XC81MDItQ29uZC1NYWRyaWRfSU1HXzU1MzRfUjEucG5nIiwic2xpZGVzaG93IjoiOWViZTk4NiJ9\" href='https:\/\/velezburrlaw.com\/wp-content\/uploads\/2025\/04\/502-Cond-Madrid_IMG_5534_R1.png'><img loading=\"lazy\" decoding=\"async\" width=\"150\" height=\"150\" src=\"https:\/\/velezburrlaw.com\/wp-content\/uploads\/2025\/04\/502-Cond-Madrid_IMG_5534_R1-150x150.png\" class=\"attachment-thumbnail size-thumbnail\" alt=\"\" \/><\/a>\n\t\t\t<\/dt><\/dl><dl class='gallery-item'>\n\t\t\t<dt class='gallery-icon portrait'>\n\t\t\t\t<a data-elementor-open-lightbox=\"yes\" data-elementor-lightbox-slideshow=\"9ebe986\" data-elementor-lightbox-title=\"502 Cond Madrid_IMG_5535_R1\" e-action-hash=\"#elementor-action%3Aaction%3Dlightbox%26settings%3DeyJpZCI6OTIxNSwidXJsIjoiaHR0cHM6XC9cL3ZlbGV6YnVycmxhdy5jb21cL3dwLWNvbnRlbnRcL3VwbG9hZHNcLzIwMjVcLzA0XC81MDItQ29uZC1NYWRyaWRfSU1HXzU1MzVfUjEucG5nIiwic2xpZGVzaG93IjoiOWViZTk4NiJ9\" href='https:\/\/velezburrlaw.com\/wp-content\/uploads\/2025\/04\/502-Cond-Madrid_IMG_5535_R1.png'><img loading=\"lazy\" decoding=\"async\" width=\"150\" height=\"150\" src=\"https:\/\/velezburrlaw.com\/wp-content\/uploads\/2025\/04\/502-Cond-Madrid_IMG_5535_R1-150x150.png\" class=\"attachment-thumbnail size-thumbnail\" alt=\"\" \/><\/a>\n\t\t\t<\/dt><\/dl><dl class='gallery-item'>\n\t\t\t<dt class='gallery-icon portrait'>\n\t\t\t\t<a data-elementor-open-lightbox=\"yes\" data-elementor-lightbox-slideshow=\"9ebe986\" data-elementor-lightbox-title=\"502 Cond Madrid_IMG_5516_R1\" e-action-hash=\"#elementor-action%3Aaction%3Dlightbox%26settings%3DeyJpZCI6OTIxNCwidXJsIjoiaHR0cHM6XC9cL3ZlbGV6YnVycmxhdy5jb21cL3dwLWNvbnRlbnRcL3VwbG9hZHNcLzIwMjVcLzA0XC81MDItQ29uZC1NYWRyaWRfSU1HXzU1MTZfUjEucG5nIiwic2xpZGVzaG93IjoiOWViZTk4NiJ9\" href='https:\/\/velezburrlaw.com\/wp-content\/uploads\/2025\/04\/502-Cond-Madrid_IMG_5516_R1.png'><img loading=\"lazy\" decoding=\"async\" width=\"150\" height=\"150\" src=\"https:\/\/velezburrlaw.com\/wp-content\/uploads\/2025\/04\/502-Cond-Madrid_IMG_5516_R1-150x150.png\" class=\"attachment-thumbnail size-thumbnail\" alt=\"\" \/><\/a>\n\t\t\t<\/dt><\/dl><dl class='gallery-item'>\n\t\t\t<dt class='gallery-icon portrait'>\n\t\t\t\t<a data-elementor-open-lightbox=\"yes\" data-elementor-lightbox-slideshow=\"9ebe986\" data-elementor-lightbox-title=\"502 Cond Madrid_IMG_5518_R1\" e-action-hash=\"#elementor-action%3Aaction%3Dlightbox%26settings%3DeyJpZCI6OTIxMywidXJsIjoiaHR0cHM6XC9cL3ZlbGV6YnVycmxhdy5jb21cL3dwLWNvbnRlbnRcL3VwbG9hZHNcLzIwMjVcLzA0XC81MDItQ29uZC1NYWRyaWRfSU1HXzU1MThfUjEucG5nIiwic2xpZGVzaG93IjoiOWViZTk4NiJ9\" href='https:\/\/velezburrlaw.com\/wp-content\/uploads\/2025\/04\/502-Cond-Madrid_IMG_5518_R1.png'><img loading=\"lazy\" decoding=\"async\" width=\"150\" height=\"150\" src=\"https:\/\/velezburrlaw.com\/wp-content\/uploads\/2025\/04\/502-Cond-Madrid_IMG_5518_R1-150x150.png\" class=\"attachment-thumbnail size-thumbnail\" alt=\"\" \/><\/a>\n\t\t\t<\/dt><\/dl><br style=\"clear: both\" \/><dl class='gallery-item'>\n\t\t\t<dt class='gallery-icon landscape'>\n\t\t\t\t<a data-elementor-open-lightbox=\"yes\" data-elementor-lightbox-slideshow=\"9ebe986\" data-elementor-lightbox-title=\"502 Cond Madrid_IMG_5521_R1\" e-action-hash=\"#elementor-action%3Aaction%3Dlightbox%26settings%3DeyJpZCI6OTIxMiwidXJsIjoiaHR0cHM6XC9cL3ZlbGV6YnVycmxhdy5jb21cL3dwLWNvbnRlbnRcL3VwbG9hZHNcLzIwMjVcLzA0XC81MDItQ29uZC1NYWRyaWRfSU1HXzU1MjFfUjEucG5nIiwic2xpZGVzaG93IjoiOWViZTk4NiJ9\" href='https:\/\/velezburrlaw.com\/wp-content\/uploads\/2025\/04\/502-Cond-Madrid_IMG_5521_R1.png'><img loading=\"lazy\" decoding=\"async\" width=\"150\" height=\"150\" src=\"https:\/\/velezburrlaw.com\/wp-content\/uploads\/2025\/04\/502-Cond-Madrid_IMG_5521_R1-150x150.png\" class=\"attachment-thumbnail size-thumbnail\" alt=\"\" \/><\/a>\n\t\t\t<\/dt><\/dl>\n\t\t\t<br style='clear: both' \/>\n\t\t<\/div>\n\t\t<\/div>\n\t\t\t\t<\/div>\n\t\t\t\t<\/div>\n\t\t\t\t<div class=\"elementor-element elementor-element-22b9482 elementor-aspect-ratio-916 elementor-widget elementor-widget-video\" data-id=\"22b9482\" data-element_type=\"widget\" data-settings=\"{&quot;video_type&quot;:&quot;hosted&quot;,&quot;aspect_ratio&quot;:&quot;916&quot;,&quot;controls&quot;:&quot;yes&quot;}\" data-widget_type=\"video.default\">\n\t\t\t\t<div class=\"elementor-widget-container\">\n\t\t\t<style>\/*! elementor - v3.6.6 - 08-06-2022 *\/\n.elementor-widget-video .elementor-widget-container{overflow:hidden;-webkit-transform:translateZ(0);transform:translateZ(0)}.elementor-widget-video .elementor-open-inline .elementor-custom-embed-image-overlay{position:absolute;top:0;left:0;width:100%;height:100%;background-size:cover;background-position:50%}.elementor-widget-video .elementor-custom-embed-image-overlay{cursor:pointer;text-align:center}.elementor-widget-video .elementor-custom-embed-image-overlay:hover .elementor-custom-embed-play i{opacity:1}.elementor-widget-video .elementor-custom-embed-image-overlay img{display:block;width:100%}.elementor-widget-video .e-hosted-video .elementor-video{-o-object-fit:cover;object-fit:cover}<\/style>\t\t<div class=\"e-hosted-video elementor-wrapper elementor-fit-aspect-ratio elementor-open-inline\">\n\t\t\t\t\t<video class=\"elementor-video\" src=\"https:\/\/velezburrlaw.com\/wp-content\/uploads\/2025\/04\/Sequence-01.mp4\" controls=\"\" controlsList=\"nodownload\"><\/video>\n\t\t\t\t<\/div>\n\t\t\t\t<\/div>\n\t\t\t\t<\/div>\n\t\t\t\t\t<\/div>\n\t\t<\/div>\n\t\t\t\t<div class=\"elementor-column elementor-col-33 elementor-top-column elementor-element elementor-element-30e5ec0\" data-id=\"30e5ec0\" data-element_type=\"column\">\n\t\t\t<div class=\"elementor-widget-wrap elementor-element-populated\">\n\t\t\t\t\t\t\t\t<div class=\"elementor-element elementor-element-7cbc819 elementor-widget elementor-widget-wd_button\" data-id=\"7cbc819\" data-element_type=\"widget\" data-widget_type=\"wd_button.default\">\n\t\t\t\t<div class=\"elementor-widget-container\">\n\t\t\t\t\t<div class=\"wd-button-wrapper text-center\" >\n\t\t\t<a class=\"btn btn-style-default btn-style-rectangle btn-size-default btn-color-primary btn-icon-pos-right\"  href=\"https:\/\/velezburrlaw.com\/index.php\/madrid-condominium\/\">\n\t\t\t\t<span class=\"wd-btn-text\" data-elementor-setting-key=\"text\">\n\t\t\t\t\tENGLISH\t\t\t\t<\/span>\n\n\t\t\t\t\t\t\t<\/a>\n\t\t<\/div>\n\t\t\t\t<\/div>\n\t\t\t\t<\/div>\n\t\t\t\t<div class=\"elementor-element elementor-element-179ae0c elementor-widget elementor-widget-wd_text_block\" data-id=\"179ae0c\" data-element_type=\"widget\" data-widget_type=\"wd_text_block.default\">\n\t\t\t\t<div class=\"elementor-widget-container\">\n\t\t\t\t\t\t<link rel=\"stylesheet\" id=\"wd-text-block-css\" href=\"https:\/\/velezburrlaw.com\/wp-content\/themes\/woodmart\/css\/parts\/el-text-block.min.css?ver=6.5.4\" type=\"text\/css\" media=\"all\" \/> \t\t\t\t\t<div class=\"wd-text-block reset-last-child text-left\">\n\t\t\t\n\t\t\t<p><span style=\"font-weight: 400;\">\u00a1Bienvenido a la vida caribe\u00f1a en su m\u00e1xima expresi\u00f3n! El Apartamento 502 es tu puerta de entrada a un estilo de vida vibrante y activo, en una ubicaci\u00f3n privilegiada donde la ciudad y la playa se dan la mano.<\/span><\/p><p><b>\ud83d\udccd<\/b><b> Ubicaci\u00f3n Ideal en la Calle Lo\u00edza, Condado\/Santurce<\/b><span style=\"font-weight: 400;\"><br \/><\/span><span style=\"font-weight: 400;\">A solo dos cuadras de la playa de Ocean Park, este luminoso apartamento de 2 habitaciones y 2 ba\u00f1os completos est\u00e1 ubicado en una zona <\/span><b>100% caminable<\/b><span style=\"font-weight: 400;\">, rodeada de caf\u00e9s, restaurantes, arte urbano, gimnasios, dise\u00f1o, m\u00fasica y cultura \u2014 todo al alcance de tus pasos.<\/span><\/p><p><b>\ud83d\udecb\ufe0f<\/b><b> El Espacio<\/b><span style=\"font-weight: 400;\"><br \/><\/span><span style=\"font-weight: 400;\">En el quinto piso del Condominio Madrid, esta unidad te ofrece comodidad, altura y brisa fresca, con:<\/span><\/p><ul><li style=\"font-weight: 400;\" aria-level=\"1\"><span style=\"font-weight: 400;\">2 habitaciones<\/span><\/li><li style=\"font-weight: 400;\" aria-level=\"1\"><span style=\"font-weight: 400;\">2 ba\u00f1os completos<\/span><\/li><li style=\"font-weight: 400;\" aria-level=\"1\"><span style=\"font-weight: 400;\">Cocina equipada<\/span><\/li><li style=\"font-weight: 400;\" aria-level=\"1\"><span style=\"font-weight: 400;\">\u00c1rea de lavander\u00eda<\/span><\/li><li style=\"font-weight: 400;\" aria-level=\"1\"><span style=\"font-weight: 400;\">1 espacio de estacionamiento privado<\/span><\/li><li style=\"font-weight: 400;\" aria-level=\"1\"><span style=\"font-weight: 400;\">1 cl\u00f3set y 1 walk-in closet<\/span><\/li><li style=\"font-weight: 400;\" aria-level=\"1\"><span style=\"font-weight: 400;\">Ventilaci\u00f3n cruzada y orientaci\u00f3n sur que permite disfrutar de la brisa marina<\/span><\/li><li style=\"font-weight: 400;\" aria-level=\"1\"><span style=\"font-weight: 400;\">Vista a las monta\u00f1as de El Yunque y una pincelada del Oc\u00e9ano Atl\u00e1ntico<\/span><\/li><\/ul><p><b>\ud83c\udfe2<\/b><b> Amenidades del Edificio<\/b><\/p><ul><li style=\"font-weight: 400;\" aria-level=\"1\"><span style=\"font-weight: 400;\">Ascensor<\/span><\/li><li style=\"font-weight: 400;\" aria-level=\"1\"><span style=\"font-weight: 400;\">Entrada segura con intercom<\/span><\/li><li style=\"font-weight: 400;\" aria-level=\"1\"><span style=\"font-weight: 400;\">Vest\u00edbulo amplio<\/span><\/li><li style=\"font-weight: 400;\" aria-level=\"1\"><span style=\"font-weight: 400;\">\u00c1rea de lavander\u00eda compartida<\/span><\/li><li style=\"font-weight: 400;\" aria-level=\"1\"><span style=\"font-weight: 400;\">Estacionamiento privado<\/span><\/li><\/ul><p><b>\ud83d\udcb0<\/b><b> Precio de Venta: $345,000<\/b><\/p><p><span style=\"font-weight: 400;\">Ya sea que busques un hogar acogedor, una propiedad de vacaciones o una inversi\u00f3n s\u00f3lida en una de las zonas con mayor demanda de San Juan, esta es una oportunidad \u00fanica en el mercado actual.<\/span><\/p><p><b>\ud83d\udcde<\/b><b> Coordina tu Visita Privada<\/b><span style=\"font-weight: 400;\"><br \/><\/span><span style=\"font-weight: 400;\">Requerimos comprobante de fondos previo a mostrar la propiedad.<\/span><span style=\"font-weight: 400;\"><br \/><\/span><\/p><p><span style=\"font-weight: 400;\">Cont\u00e1ctanos:<\/span><span style=\"font-weight: 400;\"><br \/><\/span><b>Amber Lee V\u00e9lez-Burr<\/b><span style=\"font-weight: 400;\"> | Lic. #24971\u00a0<\/span><span style=\"font-weight: 400;\"><br \/><\/span><span style=\"font-weight: 400;\">\ud83d\udce7<\/span><span style=\"font-weight: 400;\"> velezburrlaw@gmail.com | <\/span><span style=\"font-weight: 400;\">\ud83d\udcf1<\/span><span style=\"font-weight: 400;\"> 787-329-3118 \/ 787-307-2621<\/span><\/p>\n\t\t\t\t\t<\/div>\n\t\t\t\t<\/div>\n\t\t\t\t<\/div>\n\t\t\t\t\t<\/div>\n\t\t<\/div>\n\t\t\t\t\t\t\t<\/div>\n\t\t<\/section>\n\t\t\t\t<section class=\"wd-negative-gap elementor-section elementor-top-section elementor-element elementor-element-d9fbf9a elementor-section-boxed elementor-section-height-default elementor-section-height-default wd-section-disabled\" data-id=\"d9fbf9a\" data-element_type=\"section\">\n\t\t\t\t\t\t<div class=\"elementor-container elementor-column-gap-default\">\n\t\t\t\t\t<div class=\"elementor-column elementor-col-100 elementor-top-column elementor-element elementor-element-0f9c546\" data-id=\"0f9c546\" data-element_type=\"column\">\n\t\t\t<div class=\"elementor-widget-wrap elementor-element-populated\">\n\t\t\t\t\t\t\t\t<div class=\"elementor-element elementor-element-12f29b8 elementor-widget elementor-widget-google_maps\" data-id=\"12f29b8\" data-element_type=\"widget\" data-widget_type=\"google_maps.default\">\n\t\t\t\t<div class=\"elementor-widget-container\">\n\t\t\t<style>\/*! elementor - v3.6.6 - 08-06-2022 *\/\n.elementor-widget-google_maps .elementor-widget-container{overflow:hidden}.elementor-widget-google_maps iframe{height:300px}<\/style>\t\t<div class=\"elementor-custom-embed\">\n\t\t\t<iframe frameborder=\"0\" scrolling=\"no\" marginheight=\"0\" marginwidth=\"0\"\n\t\t\t\t\tsrc=\"https:\/\/maps.google.com\/maps?q=1760%20C.%20Lo%C3%ADza%2C%20San%20Juan%2C%2000911%2C%20Puerto%C2%A0Rico&#038;t=m&#038;z=14&#038;output=embed&#038;iwloc=near\"\n\t\t\t\t\ttitle=\"1760 C. Lo\u00edza, San Juan, 00911, Puerto\u00a0Rico\"\n\t\t\t\t\taria-label=\"1760 C. Lo\u00edza, San Juan, 00911, Puerto\u00a0Rico\"\n\t\t\t><\/iframe>\n\t\t<\/div>\n\t\t\t\t<\/div>\n\t\t\t\t<\/div>\n\t\t\t\t\t<\/div>\n\t\t<\/div>\n\t\t\t\t\t\t\t<\/div>\n\t\t<\/section>\n\t\t\t\t\t\t\t<\/div>\n\t\t","protected":false},"excerpt":{"rendered":"<p>MADRID CONDOMINIUM MADRID CONDOMINIUM Donde la ciudad se encuentra con el Mar \u00a1Tu Oasis Urbano en San Juan te Espera!<\/p>\n","protected":false},"author":1,"featured_media":0,"parent":0,"menu_order":0,"comment_status":"closed","ping_status":"closed","template":"","meta":{"_joinchat":[],"footnotes":""},"class_list":["post-9287","page","type-page","status-publish","hentry"],"_links":{"self":[{"href":"https:\/\/velezburrlaw.com\/index.php\/wp-json\/wp\/v2\/pages\/9287","targetHints":{"allow":["GET"]}}],"collection":[{"href":"https:\/\/velezburrlaw.com\/index.php\/wp-json\/wp\/v2\/pages"}],"about":[{"href":"https:\/\/velezburrlaw.com\/index.php\/wp-json\/wp\/v2\/types\/page"}],"author":[{"embeddable":true,"href":"https:\/\/velezburrlaw.com\/index.php\/wp-json\/wp\/v2\/users\/1"}],"replies":[{"embeddable":true,"href":"https:\/\/velezburrlaw.com\/index.php\/wp-json\/wp\/v2\/comments?post=9287"}],"version-history":[{"count":16,"href":"https:\/\/velezburrlaw.com\/index.php\/wp-json\/wp\/v2\/pages\/9287\/revisions"}],"predecessor-version":[{"id":9319,"href":"https:\/\/velezburrlaw.com\/index.php\/wp-json\/wp\/v2\/pages\/9287\/revisions\/9319"}],"wp:attachment":[{"href":"https:\/\/velezburrlaw.com\/index.php\/wp-json\/wp\/v2\/media?parent=9287"}],"curies":[{"name":"wp","href":"https:\/\/api.w.org\/{rel}","templated":true}]}}